{"id":3702,"date":"2026-01-15T12:48:37","date_gmt":"2026-01-15T16:48:37","guid":{"rendered":"https:\/\/imagine-emploiformation.com\/?page_id=3702"},"modified":"2026-01-15T13:09:26","modified_gmt":"2026-01-15T17:09:26","slug":"elementor-page-3702","status":"publish","type":"page","link":"https:\/\/imagine-emploiformation.com\/index.php\/elementor-page-3702\/","title":{"rendered":"Agenda Formations PSSM"},"content":{"rendered":"\t\t<div data-elementor-type=\"wp-page\" data-elementor-id=\"3702\" class=\"elementor elementor-3702\">\n\t\t\t\t\t\t<section class=\"elementor-section elementor-top-section elementor-element elementor-element-e48ce77 elementor-section-boxed elementor-section-height-default elementor-section-height-default wpr-particle-no wpr-jarallax-no wpr-parallax-no wpr-sticky-section-no\" data-id=\"e48ce77\" data-element_type=\"section\">\n\t\t\t\t\t\t<div class=\"elementor-container elementor-column-gap-default\">\n\t\t\t\t\t<div class=\"elementor-column elementor-col-100 elementor-top-column elementor-element elementor-element-8773147\" data-id=\"8773147\" data-element_type=\"column\">\n\t\t\t<div class=\"elementor-widget-wrap elementor-element-populated\">\n\t\t\t\t\t\t<div class=\"elementor-element elementor-element-c371a4a elementor-widget elementor-widget-heading\" data-id=\"c371a4a\" data-element_type=\"widget\" data-widget_type=\"heading.default\">\n\t\t\t\t<div class=\"elementor-widget-container\">\n\t\t\t\t\t<h3 class=\"elementor-heading-title elementor-size-default\">D\u00e9couvrez nos prochaines dates<\/h3>\t\t\t\t<\/div>\n\t\t\t\t<\/div>\n\t\t\t\t<div class=\"elementor-element elementor-element-e615de3 elementor-widget elementor-widget-the-events-calendar-addon\" data-id=\"e615de3\" data-element_type=\"widget\" data-widget_type=\"the-events-calendar-addon.default\">\n\t\t\t\t<div class=\"elementor-widget-container\">\n\t\t\t\t\t<!=========Events list Template 1.6.28=========><script type=\"application\/ld+json\">\r\n[{\"@context\":\"http:\/\/schema.org\",\"@type\":\"Event\",\"name\":\"07 &#038; 13 Mai l Premiers Secours en Sant\\u00e9 Mentale &#8211; Module Jeunes\",\"description\":\"&lt;p&gt;D\\u00e9velopper les comp\\u00e9tences essentielles pour soutenir les jeunes et cr\\u00e9er un environnement plus sein Sur 2 jours : 07 et 13 mai 2026 Professeurs, \\u00e9ducateurs, animateurs, conseiller en insertion et parents\\u2026 Apprenez \\u00e0 rep\\u00e9rer les signes de d\\u00e9tresse chez les jeunes et \\u00e0 r\\u00e9agir avec bienveillance. Une formation essentielle pour celles et ceux qui les accompagnent au quotidien. Inscriptions : https:\/\/bit.ly\/imagine-pssm\\u00a0&lt;\/p&gt;\\\\n\",\"url\":\"https:\/\/imagine-emploiformation.com\/index.php\/agenda\/07-13-mai-l-premiers-secours-en-sante-mentale-module-jeunes\/\",\"eventAttendanceMode\":\"https:\/\/schema.org\/OfflineEventAttendanceMode\",\"eventStatus\":\"https:\/\/schema.org\/EventScheduled\",\"startDate\":\"2026-05-07T08:30:00-04:00\",\"endDate\":\"2026-05-07T16:30:00-04:00\",\"location\":{\"@type\":\"Place\",\"name\":\"Petit-P\\u00e9rou, Les Abymes\",\"description\":\"\",\"url\":\"\",\"address\":{\"@type\":\"PostalAddress\"},\"telephone\":\"\",\"sameAs\":\"\"},\"performer\":\"Organization\"},{\"@context\":\"http:\/\/schema.org\",\"@type\":\"Event\",\"name\":\"22 &#038; 29 Mai l Premiers Secours en Sant\\u00e9 Mentale &#8211; Standard\",\"description\":\"&lt;p&gt;D\\u00e9veloppez les comp\\u00e9tences essentielles pour accompagner les personnes en souffrance psychologique. Sur 2 jours : 22 et 29 mai 2026 Pour apporter un soutien imm\\u00e9diat et bienveillant aux personnes traversant une d\\u00e9tresse psychologique, que ce soit dans votre entourage ou en milieu professionnel. Inscriptions : https:\/\/bit.ly\/imagine-pssm&lt;\/p&gt;\\\\n\",\"url\":\"https:\/\/imagine-emploiformation.com\/index.php\/agenda\/22-29-mai-l-premiers-secours-en-sante-mentale-standard\/\",\"eventAttendanceMode\":\"https:\/\/schema.org\/OfflineEventAttendanceMode\",\"eventStatus\":\"https:\/\/schema.org\/EventScheduled\",\"startDate\":\"2026-05-22T08:30:00-04:00\",\"endDate\":\"2026-05-22T16:30:00-04:00\",\"location\":{\"@type\":\"Place\",\"name\":\"Petit-P\\u00e9rou, Les Abymes\",\"description\":\"\",\"url\":\"\",\"address\":{\"@type\":\"PostalAddress\"},\"telephone\":\"\",\"sameAs\":\"\"},\"performer\":\"Organization\"}]\r\n<\/script><div id=\"ectbe-wrapper-e615de3\" class=\"ectbe-wrapper ectbe-list-wrapper style-1\"><div id=\"event-3715\" class=\"ectbe-inner-wrapper ectbe-simple-event\"><div class=\"ectbe-date-area\">\n                                <span class=\"ectbe-ev-day\">07<\/span>\n                                <span class=\"ectbe-ev-mo\">mai<\/span>\n                                <span class=\"ectbe-ev-yr\">2026<\/span>\n                                <\/div><div class=\"ectbe-content-box\"><div class=\"ectbe-ev-cate\"><ul class=\"ectbe-evt-category\"><li class=\"ectbe-each-cate\"><a href=\"https:\/\/imagine-emploiformation.com\/index.php\/agenda\/categorie\/formation-pssm\/\" rel=\"tag\">Formation PSSM<\/a><\/li><\/ul><\/div><div class=\"ectbe-evt-title\"><a class=\"ectbe-evt-url\" href=\"https:\/\/imagine-emploiformation.com\/index.php\/agenda\/07-13-mai-l-premiers-secours-en-sante-mentale-module-jeunes\/\">07 &amp; 13 Mai l Premiers Secours en Sant\u00e9 Mentale - Module Jeunes<\/a><\/div><div class=\"ectbe-evt-time\"><i class=\"ectbe-icon-clock\"><\/i>8h30 - 16h30<\/div><div class=\"ectbe-evt-venue\"><span class=\"ectbe-icon\"><i class=\"ectbe-icon-location\" aria-hidden=\"true\"><\/i><\/span>\n\t\t\t\t\t\t<span class=\"ectbe-venue-details ectbe-address\">Petit-P\u00e9rou, Les Abymes,<br><span class=\"tribe-address\">\n\n\n\n\n\n\n<\/span>\n<\/span><\/div><\/div><div class=\"ectbe-evt-more-box\"><a class=\"ectbe-evt-read-more\" href=\"https:\/\/imagine-emploiformation.com\/index.php\/agenda\/07-13-mai-l-premiers-secours-en-sante-mentale-module-jeunes\/\">Find out more<\/a><\/div><\/div><div id=\"event-3709\" class=\"ectbe-inner-wrapper ectbe-simple-event\"><div class=\"ectbe-date-area\">\n                                <span class=\"ectbe-ev-day\">22<\/span>\n                                <span class=\"ectbe-ev-mo\">mai<\/span>\n                                <span class=\"ectbe-ev-yr\">2026<\/span>\n                                <\/div><div class=\"ectbe-content-box\"><div class=\"ectbe-ev-cate\"><ul class=\"ectbe-evt-category\"><li class=\"ectbe-each-cate\"><a href=\"https:\/\/imagine-emploiformation.com\/index.php\/agenda\/categorie\/formation-pssm\/\" rel=\"tag\">Formation PSSM<\/a><\/li><\/ul><\/div><div class=\"ectbe-evt-title\"><a class=\"ectbe-evt-url\" href=\"https:\/\/imagine-emploiformation.com\/index.php\/agenda\/22-29-mai-l-premiers-secours-en-sante-mentale-standard\/\">22 &amp; 29 Mai l Premiers Secours en Sant\u00e9 Mentale - Standard<\/a><\/div><div class=\"ectbe-evt-time\"><i class=\"ectbe-icon-clock\"><\/i>8h30 - 16h30<\/div><div class=\"ectbe-evt-venue\"><span class=\"ectbe-icon\"><i class=\"ectbe-icon-location\" aria-hidden=\"true\"><\/i><\/span>\n\t\t\t\t\t\t<span class=\"ectbe-venue-details ectbe-address\">Petit-P\u00e9rou, Les Abymes,<br><span class=\"tribe-address\">\n\n\n\n\n\n\n<\/span>\n<\/span><\/div><\/div><div class=\"ectbe-evt-more-box\"><a class=\"ectbe-evt-read-more\" href=\"https:\/\/imagine-emploiformation.com\/index.php\/agenda\/22-29-mai-l-premiers-secours-en-sante-mentale-standard\/\">Find out more<\/a><\/div><\/div><\/div>\t\t\t\t<\/div>\n\t\t\t\t<\/div>\n\t\t\t\t\t<\/div>\n\t\t<\/div>\n\t\t\t\t\t<\/div>\n\t\t<\/section>\n\t\t\t\t<\/div>\n\t\t","protected":false},"excerpt":{"rendered":"<p>D\u00e9couvrez nos prochaines dates 06 f\u00e9vrier 2026 Formation PSSM 06 et 13 F\u00e9vrier l Premiers Secours en Sant\u00e9 Mentale &#8211; Module Jeune8h30 &#8211; 16h30Find out more 13 mars 2026 Formation PSSM 13 &amp; 20 Mars l Premiers Secours en Sant\u00e9 Mentale &#8211; Standard8h30 &#8211; 16h30Find out more 08 avril 2026 Formation PSSM 08 &amp; 15 Avril l Premiers Secours en Sant\u00e9 Mentale &#8211; Standard8h30 &#8211; 16h30Find out more 07 mai 2026 Formation PSSM 07 &amp; 13 Mai l Premiers Secours en Sant\u00e9 Mentale &#8211; Module Jeunes8h30 &#8211; 16h30Find out more 22 mai 2026 Formation PSSM 22 &amp; 29 Mai l Premiers Secours en Sant\u00e9 Mentale &#8211; Standard8h30 &#8211; 16h30Find out more<\/p>\n","protected":false},"author":1,"featured_media":3245,"parent":0,"menu_order":0,"comment_status":"closed","ping_status":"closed","template":"","meta":{"_acf_changed":false,"om_disable_all_campaigns":false,"_monsterinsights_skip_tracking":false,"_monsterinsights_sitenote_active":false,"_monsterinsights_sitenote_note":"","_monsterinsights_sitenote_category":0,"_uf_show_specific_survey":0,"_uf_disable_surveys":false,"site-sidebar-layout":"no-sidebar","site-content-layout":"page-builder","ast-site-content-layout":"full-width-container","site-content-style":"default","site-sidebar-style":"default","ast-global-header-display":"","ast-banner-title-visibility":"","ast-main-header-display":"","ast-hfb-above-header-display":"","ast-hfb-below-header-display":"","ast-hfb-mobile-header-display":"","site-post-title":"","ast-breadcrumbs-content":"","ast-featured-img":"disabled","footer-sml-layout":"","ast-disable-related-posts":"","theme-transparent-header-meta":"","adv-header-id-meta":"","stick-header-meta":"","header-above-stick-meta":"","header-main-stick-meta":"","header-below-stick-meta":"","astra-migrate-meta-layouts":"default","ast-page-background-enabled":"default","ast-page-background-meta":{"desktop":{"background-color":"","background-image":"","background-repeat":"repeat","background-position":"center center","background-size":"auto","background-attachment":"scroll","background-type":"","background-media":"","overlay-type":"","overlay-color":"","overlay-opacity":"","overlay-gradient":""},"tablet":{"background-color":"","background-image":"","background-repeat":"repeat","background-position":"center center","background-size":"auto","background-attachment":"scroll","background-type":"","background-media":"","overlay-type":"","overlay-color":"","overlay-opacity":"","overlay-gradient":""},"mobile":{"background-color":"","background-image":"","background-repeat":"repeat","background-position":"center center","background-size":"auto","background-attachment":"scroll","background-type":"","background-media":"","overlay-type":"","overlay-color":"","overlay-opacity":"","overlay-gradient":""}},"ast-content-background-meta":{"desktop":{"background-color":"var(--ast-global-color-5)","background-image":"","background-repeat":"repeat","background-position":"center center","background-size":"auto","background-attachment":"scroll","background-type":"","background-media":"","overlay-type":"","overlay-color":"","overlay-opacity":"","overlay-gradient":""},"tablet":{"background-color":"var(--ast-global-color-5)","background-image":"","background-repeat":"repeat","background-position":"center center","background-size":"auto","background-attachment":"scroll","background-type":"","background-media":"","overlay-type":"","overlay-color":"","overlay-opacity":"","overlay-gradient":""},"mobile":{"background-color":"var(--ast-global-color-5)","background-image":"","background-repeat":"repeat","background-position":"center center","background-size":"auto","background-attachment":"scroll","background-type":"","background-media":"","overlay-type":"","overlay-color":"","overlay-opacity":"","overlay-gradient":""}},"footnotes":""},"class_list":["post-3702","page","type-page","status-publish","has-post-thumbnail","hentry"],"acf":[],"aioseo_notices":[],"_links":{"self":[{"href":"https:\/\/imagine-emploiformation.com\/index.php\/wp-json\/wp\/v2\/pages\/3702","targetHints":{"allow":["GET"]}}],"collection":[{"href":"https:\/\/imagine-emploiformation.com\/index.php\/wp-json\/wp\/v2\/pages"}],"about":[{"href":"https:\/\/imagine-emploiformation.com\/index.php\/wp-json\/wp\/v2\/types\/page"}],"author":[{"embeddable":true,"href":"https:\/\/imagine-emploiformation.com\/index.php\/wp-json\/wp\/v2\/users\/1"}],"replies":[{"embeddable":true,"href":"https:\/\/imagine-emploiformation.com\/index.php\/wp-json\/wp\/v2\/comments?post=3702"}],"version-history":[{"count":10,"href":"https:\/\/imagine-emploiformation.com\/index.php\/wp-json\/wp\/v2\/pages\/3702\/revisions"}],"predecessor-version":[{"id":3727,"href":"https:\/\/imagine-emploiformation.com\/index.php\/wp-json\/wp\/v2\/pages\/3702\/revisions\/3727"}],"wp:featuredmedia":[{"embeddable":true,"href":"https:\/\/imagine-emploiformation.com\/index.php\/wp-json\/wp\/v2\/media\/3245"}],"wp:attachment":[{"href":"https:\/\/imagine-emploiformation.com\/index.php\/wp-json\/wp\/v2\/media?parent=3702"}],"curies":[{"name":"wp","href":"https:\/\/api.w.org\/{rel}","templated":true}]}}